{"id":859,"date":"2024-06-18T09:37:46","date_gmt":"2024-06-18T09:37:46","guid":{"rendered":"https:\/\/in2dialog.com\/?page_id=859"},"modified":"2025-03-07T10:29:22","modified_gmt":"2025-03-07T09:29:22","slug":"release-notes","status":"publish","type":"page","link":"https:\/\/in2dialog.com\/nl\/release-notes\/","title":{"rendered":"Uitgavenota's"},"content":{"rendered":"<section id=\"home\" class=\"bde-section-859-134 bde-section\">\n  \n  \n\t\n\n\n\n<div class=\"section-container\"><div class=\"bde-columns-859-135 bde-columns\"><div class=\"bde-column-859-136 bde-column\">\n  \n  \n\t\n\n\n\n<div class=\"bde-div-859-137 bde-div move-up-top\">\n  \n  \n\t\n\n\n\n<h1 class=\"bde-heading-859-142 bde-heading\">\n<span class=\"light-blue\">Vrijlating <\/span>  notities\n<\/h1><div class=\"bde-text-859-139 bde-text\">\nUpdates over nieuwe functies, bugfixes en andere technische zaken om uw ervaring te optimaliseren\n<\/div>\n<\/div>\n<\/div><div class=\"bde-column-859-140 bde-column\">\n  \n  \n\t\n\n\n\n<div class=\"bde-image-859-141 bde-image\">\n<figure class=\"breakdance-image breakdance-image--1741\">\n\t<div class=\"breakdance-image-container\">\n\t\t<div class=\"breakdance-image-clip\"><img decoding=\"async\" class=\"breakdance-image-object\" src=\"http:\/\/in2dialog.com\/wp-content\/uploads\/2024\/09\/in2dialog-release-notes.webp\" width=\"2001\" height=\"2000\" srcset=\"http:\/\/in2dialog.com\/wp-content\/uploads\/2024\/09\/in2dialog-release-notes.webp 2001w, http:\/\/in2dialog.com\/wp-content\/uploads\/2024\/09\/in2dialog-release-notes-300x300.webp 300w, http:\/\/in2dialog.com\/wp-content\/uploads\/2024\/09\/in2dialog-release-notes-1024x1024.webp 1024w, http:\/\/in2dialog.com\/wp-content\/uploads\/2024\/09\/in2dialog-release-notes-150x150.webp 150w, http:\/\/in2dialog.com\/wp-content\/uploads\/2024\/09\/in2dialog-release-notes-768x768.webp 768w, http:\/\/in2dialog.com\/wp-content\/uploads\/2024\/09\/in2dialog-release-notes-1536x1536.webp 1536w, http:\/\/in2dialog.com\/wp-content\/uploads\/2024\/09\/in2dialog-release-notes-12x12.webp 12w\" sizes=\"(max-width: 2001px) 100vw, 2001px\"><\/div>\n\t<\/div><\/figure>\n\n<\/div>\n<\/div><\/div><\/div>\n<\/section><section class=\"bde-section-859-108 bde-section\">\n  \n  \n\t\n\n\n\n<div class=\"section-container\"><div class=\"bde-columns-859-109 bde-columns\"><div class=\"bde-column-859-110 bde-column\">\n  \n  \n\t\n\n\n\n<h4 class=\"bde-heading-859-143 bde-heading\">\n19-6-2024\n<\/h4>\n<\/div><div class=\"bde-column-859-112 bde-column\">\n  \n  \n\t\n\n\n\n<h2 class=\"bde-heading-859-114 bde-heading\">\nTeams Integratie en meer!\n<\/h2><div class=\"bde-text-859-115 bde-text\">\nWe hebben fantastisch nieuws! We hebben een aantal geweldige nieuwe updates en integraties in onze tool uitgerold waar je zeker van op de hoogte wilt zijn.<br><b>1. Teams Integratie<\/b><br>Je kunt Microsoft Teams nu volledig integreren met onze tool. We kunnen deelnemen aan elk gesprek en je kunt ons gemakkelijk toevoegen of verwijderen, afhankelijk van of het een interview is of niet. Om dit te activeren, klik je gewoon op 'Integraties' rechtsboven en volg je de stappen.<br><b>2. Zoom-integratie<\/b><br>Goed nieuws voor Zoom-gebruikers! We ondersteunen nu ook Zoom-integratie. Dit betekent dat je Zoom-vergaderingen naadloos kunt plannen en eraan kunt deelnemen rechtstreeks vanuit onze tool, waardoor je workflow nog soepeler verloopt.<br><b>3. Carerix Integratie \/ Salesforce Integratie<\/b><br>We ondersteunen nu zowel Carerix als Salesforce integraties. Al je gegevens komen netjes in de juiste velden in je ATS terecht, zodat je je klantgegevens en verkoopactiviteiten op \u00e9\u00e9n plek kunt beheren. Dit maakt je workflow een stuk effici\u00ebnter.<br><b>4. Nieuwe Analyse \/ Onderwerpen<\/b><br>Onze analyse-sectie heeft een flinke upgrade gekregen. Je kunt nu nog dieper graven met gedetailleerde rapporten en inzichten. Bovendien volgen we nu onderwerpen, zodat je kunt zien waar elke recruiter de meeste tijd aan besteedt. Dit helpt je de activiteiten van je team te optimaliseren en datagedreven beslissingen te nemen.<br><br>We zijn ervan overtuigd dat deze nieuwe functies uw ervaring met onze tool zullen verbeteren. Hulp nodig bij het instellen of gebruiken van deze nieuwe functies? Neem gerust contact op met ons supportteam. We staan voor u klaar!\n<\/div>\n<\/div><\/div><\/div>\n<\/section><section class=\"bde-section-859-144 bde-section\">\n  \n  \n\t\n\n\n\n<div class=\"section-container\"><div class=\"bde-columns-859-145 bde-columns\"><div class=\"bde-column-859-146 bde-column\">\n  \n  \n\t\n\n\n\n<h4 class=\"bde-heading-859-147 bde-heading\">\nQ1- 2024\n<\/h4>\n<\/div><div class=\"bde-column-859-148 bde-column\">\n  \n  \n\t\n\n\n\n<h2 class=\"bde-heading-859-149 bde-heading\">\nOudere updates\n<\/h2><div class=\"bde-text-859-150 bde-text\">\nHier is een samenvatting van wat we de afgelopen maanden voor u hebben bereikt.<br><b>Onderwerpen<\/b><br>We hebben Topics toegevoegd aan het analysegedeelte. Hier kun je zien hoeveel tijd je besteedt aan afzonderlijke onderwerpen in het interview.<br><br><b>Bullhorn Integratie<\/b><br>Bullhorn-gebruikers kunnen nu naadloos profiteren van In2Dialog. De gebruikers kunnen kandidaten vanuit Bullhorn uitnodigen voor interviews, om de notities, analyses en samenvattingen binnen Bullhorn te vinden.<br><br><b>Analyse op individueel en teamniveau<\/b><br>De analyse biedt nu eenvoudige inspectie van communicatiestijlen, vergeleken met de algemene benchmark. Het is nu gemakkelijk om te zien waar je uitblinkt en waar je ruimte voor verbetering hebt. <br><br><b>Verbeterde gebruikersportal<\/b><br>We hebben het portaal opnieuw ingericht op basis van feedback van gebruikers, om een betere gebruikerservaring te garanderen. Werkstromen zijn eenvoudiger en vragen minder tijd.<br><br><b>Betere transcripties<\/b><br>AI verbetert voortdurend en we willen de beste ervaring bieden! We gebruiken nu de best presterende modellen met meer rekenkracht, om ervoor te zorgen dat onze analyses zijn gebaseerd op 99% correcte informatie.\n<\/div>\n<\/div><\/div><\/div>\n<\/section><div class=\"bde-globalblock-859-151 bde-globalblock\"><section class=\"bde-section-1426-106-1426-1 bde-section bde-section-1426-106\">\n  \n  \n\t\n\n\n\n<div class=\"section-container\"><a class=\"bde-container-link-1426-107-1426-1 bde-container-link bde-container-link-1426-107 breakdance-link\" href=\"https:\/\/in2dialog.com\/nl\/in2dialog-wins-two-awards-in-recruitment-tech\/\" target=\"_self\" data-type=\"url\">\n  \n  \n\t\n\n\n\n<div class=\"bde-div-1426-113-1426-1 bde-div bde-div-1426-113\">\n  \n  \n\t\n\n\n\n<div class=\"bde-icon-1426-112-1426-1 bde-icon bde-icon-1426-112\">\n\n    \n            <div class=\"bde-icon-icon breakdance-icon-atom\" >\n    \n                    <svg xmlns=\"http:\/\/www.w3.org\/2000\/svg\" viewbox=\"0 0 512 512\"><!-- Font Awesome Free 5.15.1 by @fontawesome - https:\/\/fontawesome.com License - https:\/\/fontawesome.com\/license\/free (Icons: CC BY 4.0, Fonts: SIL OFL 1.1, Code: MIT License) --><path d=\"M223.75 130.75L154.62 15.54A31.997 31.997 0 0 0 127.18 0H16.03C3.08 0-4.5 14.57 2.92 25.18l111.27 158.96c29.72-27.77 67.52-46.83 109.56-53.39zM495.97 0H384.82c-11.24 0-21.66 5.9-27.44 15.54l-69.13 115.21c42.04 6.56 79.84 25.62 109.56 53.38L509.08 25.18C516.5 14.57 508.92 0 495.97 0zM256 160c-97.2 0-176 78.8-176 176s78.8 176 176 176 176-78.8 176-176-78.8-176-176-176zm92.52 157.26l-37.93 36.96 8.97 52.22c1.6 9.36-8.26 16.51-16.65 12.09L256 393.88l-46.9 24.65c-8.4 4.45-18.25-2.74-16.65-12.09l8.97-52.22-37.93-36.96c-6.82-6.64-3.05-18.23 6.35-19.59l52.43-7.64 23.43-47.52c2.11-4.28 6.19-6.39 10.28-6.39 4.11 0 8.22 2.14 10.33 6.39l23.43 47.52 52.43 7.64c9.4 1.36 13.17 12.95 6.35 19.59z\"\/><\/svg>\n        \n        \n        \n            <\/div>\n    \n\n\n<\/div><div class=\"bde-text-1426-108-1426-1 bde-text bde-text-1426-108\">\n<span style=\"text-decoration:underline;\">Multi-award-winning<\/span> Oplossing in Recruitment Tech\n<\/div>\n<\/div><div class=\"bde-div-1426-109-1426-1 bde-div bde-div-1426-109\">\n  \n  \n\t\n\n\n\n<img decoding=\"async\" class=\"bde-image2-1426-110-1426-1 bde-image2 bde-image2-1426-110\" src=\"http:\/\/in2dialog.com\/wp-content\/uploads\/2024\/11\/Award_Best_Tool.webp\" alt=\"award badge best tool\" loading=\"lazy\" srcset=\"https:\/\/in2dialog.com\/wp-content\/uploads\/2024\/11\/Award_Best_Tool.webp 301w, https:\/\/in2dialog.com\/wp-content\/uploads\/2024\/11\/Award_Best_Tool-18x12.webp 18w\" sizes=\"(max-width: 301px) 100vw, 301px\"><img decoding=\"async\" class=\"bde-image2-1426-111-1426-1 bde-image2 bde-image2-1426-111\" src=\"http:\/\/in2dialog.com\/wp-content\/uploads\/2024\/11\/Award_AI_In_Recruitment.webp\" alt=\"award badge ai in recruitment tech\" loading=\"lazy\" srcset=\"https:\/\/in2dialog.com\/wp-content\/uploads\/2024\/11\/Award_AI_In_Recruitment.webp 301w, https:\/\/in2dialog.com\/wp-content\/uploads\/2024\/11\/Award_AI_In_Recruitment-18x12.webp 18w\" sizes=\"(max-width: 301px) 100vw, 301px\">\n<\/div>\n\n<\/a><\/div>\n<\/section><section class=\"bde-section-1426-100-1426-1 bde-section bde-section-1426-100\">\n  \n  \n\t\n\n\n\n<div class=\"section-container\"><div class=\"bde-div-1426-101-1426-1 bde-div bde-div-1426-101\">\n  \n  \n\t\n\n\n\n<h4 class=\"bde-heading-1426-102-1426-1 bde-heading bde-heading-1426-102\">\nAI voor recruiters\n<\/h4><h2 class=\"bde-heading-1426-103-1426-1 bde-heading bde-heading-1426-103\">\nDe Nieuwe Recruitment Standaard\n<\/h2><div class=\"bde-text-1426-104-1426-1 bde-text bde-text-1426-104\">\nWij helpen recruiters zich te specialiseren in waar ze het beste in zijn: zich richten op de connectie met kandidaten door hen tijd en inzichten te geven om te excelleren. <br>Ben jij klaar voor next-level recruitment?<br>\n<\/div><div class=\"bde-button-1426-105-1426-1 bde-button bde-button-1426-105\">\n        \n    \n    \n    \n    \n            \n                    \n            \n            \n\n    \n    \n    \n    \n    \n    <a class=\"breakdance-link button-atom button-atom--primary bde-button__button\" href=\"https:\/\/meetings-eu1.hubspot.com\/amar-cosijn\" target=\"_self\" data-type=\"url\"  >\n\n    \n        <span class=\"button-atom__text\">Demo aanvragen<\/span>\n\n        \n        \n                <\/a>\n\n    \n\n\n<\/div>\n<\/div><\/div>\n<\/section><\/div>","protected":false},"excerpt":{"rendered":"<p>Release notes Updates about new features, bug fixing and other tech stuff optimising your experience 19-6-2024 Teams Integration and more! [&hellip;]<\/p>\n","protected":false},"author":7,"featured_media":0,"parent":0,"menu_order":0,"comment_status":"closed","ping_status":"closed","template":"","meta":{"_acf_changed":false,"content-type":"","_breakdance_hide_in_design_set":false,"_breakdance_tags":"","footnotes":""},"class_list":["post-859","page","type-page","status-publish","hentry"],"acf":[],"featured_image_src":null,"yoast_head":"<!-- This site is optimized with the Yoast SEO plugin v27.5 - https:\/\/yoast.com\/product\/yoast-seo-wordpress\/ -->\n<title>Release notes - In2Dialog<\/title>\n<meta name=\"robots\" content=\"index, follow, max-snippet:-1, max-image-preview:large, max-video-preview:-1\" \/>\n<link rel=\"canonical\" href=\"https:\/\/in2dialog.com\/nl\/release-notes\/\" \/>\n<meta property=\"og:locale\" content=\"nl_NL\" \/>\n<meta property=\"og:type\" content=\"article\" \/>\n<meta property=\"og:title\" content=\"Release notes - In2Dialog\" \/>\n<meta property=\"og:description\" content=\"Release notes Updates about new features, bug fixing and other tech stuff optimising your experience 19-6-2024 Teams Integration and more! [&hellip;]\" \/>\n<meta property=\"og:url\" content=\"https:\/\/in2dialog.com\/nl\/release-notes\/\" \/>\n<meta property=\"og:site_name\" content=\"In2Dialog\" \/>\n<meta property=\"article:modified_time\" content=\"2025-03-07T09:29:22+00:00\" \/>\n<meta name=\"twitter:card\" content=\"summary_large_image\" \/>\n<script type=\"application\/ld+json\" class=\"yoast-schema-graph\">{\"@context\":\"https:\\\/\\\/schema.org\",\"@graph\":[{\"@type\":\"WebPage\",\"@id\":\"https:\\\/\\\/in2dialog.com\\\/release-notes\\\/\",\"url\":\"https:\\\/\\\/in2dialog.com\\\/release-notes\\\/\",\"name\":\"Release notes - In2Dialog\",\"isPartOf\":{\"@id\":\"https:\\\/\\\/in2dialog.com\\\/#website\"},\"datePublished\":\"2024-06-18T09:37:46+00:00\",\"dateModified\":\"2025-03-07T09:29:22+00:00\",\"breadcrumb\":{\"@id\":\"https:\\\/\\\/in2dialog.com\\\/release-notes\\\/#breadcrumb\"},\"inLanguage\":\"nl-NL\",\"potentialAction\":[{\"@type\":\"ReadAction\",\"target\":[\"https:\\\/\\\/in2dialog.com\\\/release-notes\\\/\"]}]},{\"@type\":\"BreadcrumbList\",\"@id\":\"https:\\\/\\\/in2dialog.com\\\/release-notes\\\/#breadcrumb\",\"itemListElement\":[{\"@type\":\"ListItem\",\"position\":1,\"name\":\"Home\",\"item\":\"https:\\\/\\\/in2dialog.com\\\/\"},{\"@type\":\"ListItem\",\"position\":2,\"name\":\"Release notes\"}]},{\"@type\":\"WebSite\",\"@id\":\"https:\\\/\\\/in2dialog.com\\\/#website\",\"url\":\"https:\\\/\\\/in2dialog.com\\\/\",\"name\":\"In2Dialog.com\",\"description\":\"\",\"publisher\":{\"@id\":\"https:\\\/\\\/in2dialog.com\\\/#organization\"},\"potentialAction\":[{\"@type\":\"SearchAction\",\"target\":{\"@type\":\"EntryPoint\",\"urlTemplate\":\"https:\\\/\\\/in2dialog.com\\\/?s={search_term_string}\"},\"query-input\":{\"@type\":\"PropertyValueSpecification\",\"valueRequired\":true,\"valueName\":\"search_term_string\"}}],\"inLanguage\":\"nl-NL\"},{\"@type\":\"Organization\",\"@id\":\"https:\\\/\\\/in2dialog.com\\\/#organization\",\"name\":\"In2Dialog\",\"url\":\"https:\\\/\\\/in2dialog.com\\\/\",\"logo\":{\"@type\":\"ImageObject\",\"inLanguage\":\"nl-NL\",\"@id\":\"https:\\\/\\\/in2dialog.com\\\/#\\\/schema\\\/logo\\\/image\\\/\",\"url\":\"https:\\\/\\\/in2dialog.com\\\/wp-content\\\/uploads\\\/2025\\\/05\\\/logo-email-dark.png\",\"contentUrl\":\"https:\\\/\\\/in2dialog.com\\\/wp-content\\\/uploads\\\/2025\\\/05\\\/logo-email-dark.png\",\"width\":146,\"height\":22,\"caption\":\"In2Dialog\"},\"image\":{\"@id\":\"https:\\\/\\\/in2dialog.com\\\/#\\\/schema\\\/logo\\\/image\\\/\"},\"sameAs\":[\"https:\\\/\\\/www.linkedin.com\\\/company\\\/in2dialog\\\/\"]}]}<\/script>\n<!-- \/ Yoast SEO plugin. -->","yoast_head_json":{"title":"Release notes - In2Dialog","robots":{"index":"index","follow":"follow","max-snippet":"max-snippet:-1","max-image-preview":"max-image-preview:large","max-video-preview":"max-video-preview:-1"},"canonical":"https:\/\/in2dialog.com\/nl\/release-notes\/","og_locale":"nl_NL","og_type":"article","og_title":"Release notes - In2Dialog","og_description":"Release notes Updates about new features, bug fixing and other tech stuff optimising your experience 19-6-2024 Teams Integration and more! [&hellip;]","og_url":"https:\/\/in2dialog.com\/nl\/release-notes\/","og_site_name":"In2Dialog","article_modified_time":"2025-03-07T09:29:22+00:00","twitter_card":"summary_large_image","schema":{"@context":"https:\/\/schema.org","@graph":[{"@type":"WebPage","@id":"https:\/\/in2dialog.com\/release-notes\/","url":"https:\/\/in2dialog.com\/release-notes\/","name":"Release notes - In2Dialog","isPartOf":{"@id":"https:\/\/in2dialog.com\/#website"},"datePublished":"2024-06-18T09:37:46+00:00","dateModified":"2025-03-07T09:29:22+00:00","breadcrumb":{"@id":"https:\/\/in2dialog.com\/release-notes\/#breadcrumb"},"inLanguage":"nl-NL","potentialAction":[{"@type":"ReadAction","target":["https:\/\/in2dialog.com\/release-notes\/"]}]},{"@type":"BreadcrumbList","@id":"https:\/\/in2dialog.com\/release-notes\/#breadcrumb","itemListElement":[{"@type":"ListItem","position":1,"name":"Home","item":"https:\/\/in2dialog.com\/"},{"@type":"ListItem","position":2,"name":"Release notes"}]},{"@type":"WebSite","@id":"https:\/\/in2dialog.com\/#website","url":"https:\/\/in2dialog.com\/","name":"In2Dialog.com","description":"","publisher":{"@id":"https:\/\/in2dialog.com\/#organization"},"potentialAction":[{"@type":"SearchAction","target":{"@type":"EntryPoint","urlTemplate":"https:\/\/in2dialog.com\/?s={search_term_string}"},"query-input":{"@type":"PropertyValueSpecification","valueRequired":true,"valueName":"search_term_string"}}],"inLanguage":"nl-NL"},{"@type":"Organization","@id":"https:\/\/in2dialog.com\/#organization","name":"In2Dialog","url":"https:\/\/in2dialog.com\/","logo":{"@type":"ImageObject","inLanguage":"nl-NL","@id":"https:\/\/in2dialog.com\/#\/schema\/logo\/image\/","url":"https:\/\/in2dialog.com\/wp-content\/uploads\/2025\/05\/logo-email-dark.png","contentUrl":"https:\/\/in2dialog.com\/wp-content\/uploads\/2025\/05\/logo-email-dark.png","width":146,"height":22,"caption":"In2Dialog"},"image":{"@id":"https:\/\/in2dialog.com\/#\/schema\/logo\/image\/"},"sameAs":["https:\/\/www.linkedin.com\/company\/in2dialog\/"]}]}},"jetpack_sharing_enabled":true,"_links":{"self":[{"href":"https:\/\/in2dialog.com\/nl\/wp-json\/wp\/v2\/pages\/859","targetHints":{"allow":["GET"]}}],"collection":[{"href":"https:\/\/in2dialog.com\/nl\/wp-json\/wp\/v2\/pages"}],"about":[{"href":"https:\/\/in2dialog.com\/nl\/wp-json\/wp\/v2\/types\/page"}],"author":[{"embeddable":true,"href":"https:\/\/in2dialog.com\/nl\/wp-json\/wp\/v2\/users\/7"}],"replies":[{"embeddable":true,"href":"https:\/\/in2dialog.com\/nl\/wp-json\/wp\/v2\/comments?post=859"}],"version-history":[{"count":0,"href":"https:\/\/in2dialog.com\/nl\/wp-json\/wp\/v2\/pages\/859\/revisions"}],"wp:attachment":[{"href":"https:\/\/in2dialog.com\/nl\/wp-json\/wp\/v2\/media?parent=859"}],"curies":[{"name":"wp","href":"https:\/\/api.w.org\/{rel}","templated":true}]}}